{"id":18,"date":"2025-07-03T15:52:22","date_gmt":"2025-07-03T15:52:22","guid":{"rendered":"http:\/\/psychologue-rennes-sap.fr\/?page_id=18"},"modified":"2025-07-03T15:52:22","modified_gmt":"2025-07-03T15:52:22","slug":"a-propos","status":"publish","type":"page","link":"https:\/\/psychologue-rennes-sap.fr\/?page_id=18","title":{"rendered":"\u00c0 propos"},"content":{"rendered":"\n<p>Je suis dipl\u00f4m\u00e9e d&rsquo;une licence de psychologie et d&rsquo;un master en psychologie clinique, obtenus \u00e0 l&rsquo;universit\u00e9 Rennes 2. <\/p>\n\n\n\n<p>J&rsquo;ai effectu\u00e9 mes stages universitaires aupr\u00e8s d&rsquo;enfants en situation de handicap psychique et aupr\u00e8s d&rsquo;adultes pris en charge en psychiatrie. <\/p>\n\n\n\n<p>J&rsquo;exerce en tant que psychologue clinicienne depuis 2009.<\/p>\n\n\n\n<p>J&rsquo;ai une longue exp\u00e9rience aupr\u00e8s d&rsquo;enfants et d&rsquo;adolescents en milieu scolaire ordinaire, mais \u00e9galement au sein de services sp\u00e9cialis\u00e9s dans le champ du handicap psychique et moteur.<\/p>\n\n\n\n<p>J&rsquo;ai \u00e9galement longtemps accompagn\u00e9 des adultes confront\u00e9s \u00e0 des situations \u00e0 caract\u00e8re traumatique, mais aussi en situation de souffrance au travail. <\/p>\n\n\n\n<p>Depuis 2022, je re\u00e7ois un public vari\u00e9 en cabinet lib\u00e9ral.<\/p>\n\n\n\n<p>Mon num\u00e9ro RPPS est le 10008599572.<\/p>\n","protected":false},"excerpt":{"rendered":"<p>Je suis dipl\u00f4m\u00e9e d&rsquo;une licence de psychologie et d&rsquo;un master en psychologie clinique, obtenus \u00e0 l&rsquo;universit\u00e9 Rennes 2. J&rsquo;ai effectu\u00e9 mes stages universitaires aupr\u00e8s d&rsquo;enfants en situation de handicap psychique et aupr\u00e8s d&rsquo;adultes pris en charge en psychiatrie. J&rsquo;exerce en tant que psychologue clinicienne depuis 2009. J&rsquo;ai une longue exp\u00e9rience aupr\u00e8s d&rsquo;enfants et d&rsquo;adolescents en [&hellip;]<\/p>\n","protected":false},"author":1,"featured_media":0,"parent":0,"menu_order":0,"comment_status":"closed","ping_status":"closed","template":"","meta":{"footnotes":""},"class_list":["post-18","page","type-page","status-publish","hentry"],"_links":{"self":[{"href":"https:\/\/psychologue-rennes-sap.fr\/index.php?rest_route=\/wp\/v2\/pages\/18","targetHints":{"allow":["GET"]}}],"collection":[{"href":"https:\/\/psychologue-rennes-sap.fr\/index.php?rest_route=\/wp\/v2\/pages"}],"about":[{"href":"https:\/\/psychologue-rennes-sap.fr\/index.php?rest_route=\/wp\/v2\/types\/page"}],"author":[{"embeddable":true,"href":"https:\/\/psychologue-rennes-sap.fr\/index.php?rest_route=\/wp\/v2\/users\/1"}],"replies":[{"embeddable":true,"href":"https:\/\/psychologue-rennes-sap.fr\/index.php?rest_route=%2Fwp%2Fv2%2Fcomments&post=18"}],"version-history":[{"count":1,"href":"https:\/\/psychologue-rennes-sap.fr\/index.php?rest_route=\/wp\/v2\/pages\/18\/revisions"}],"predecessor-version":[{"id":19,"href":"https:\/\/psychologue-rennes-sap.fr\/index.php?rest_route=\/wp\/v2\/pages\/18\/revisions\/19"}],"wp:attachment":[{"href":"https:\/\/psychologue-rennes-sap.fr\/index.php?rest_route=%2Fwp%2Fv2%2Fmedia&parent=18"}],"curies":[{"name":"wp","href":"https:\/\/api.w.org\/{rel}","templated":true}]}}