{"id":21,"date":"2025-07-03T15:59:24","date_gmt":"2025-07-03T15:59:24","guid":{"rendered":"http:\/\/psychologue-rennes-sap.fr\/?page_id=21"},"modified":"2025-11-25T15:58:58","modified_gmt":"2025-11-25T13:58:58","slug":"consultations","status":"publish","type":"page","link":"https:\/\/psychologue-rennes-sap.fr\/?page_id=21","title":{"rendered":"Consultations"},"content":{"rendered":"\n<p>Je re\u00e7ois <a href=\"https:\/\/psychologue-rennes-sap.fr\/?page_id=34\">enfants<\/a>, <a href=\"https:\/\/psychologue-rennes-sap.fr\/?page_id=35\">adolescents<\/a> et adultes \u00e0 mon cabinet situ\u00e9 au 12 quai Duguay-Trouin \u00e0 Rennes.<\/p>\n\n\n\n<p>Les consultations durent de 35 \u00e0 45 minutes.<\/p>\n\n\n\n<p>Elles se d\u00e9roulent au cabinet mais peuvent \u00e9galement se faire en visio, si n\u00e9cessaire.<\/p>\n\n\n\n<p>Pour les \u00e9tudiants \u00e9ligibles au dispositif \u00ab\u00a0sant\u00e9 psy \u00e9tudiant\u00a0\u00bb, veuillez consulter cette page : <a href=\"https:\/\/psychologue-rennes-sap.fr\/?page_id=37\" data-type=\"page\" data-id=\"37\">\u00c9tudiants (dispositif sant\u00e9 psy)<\/a><\/p>\n\n\n\n<p>Le tarif d&rsquo;une consultation est de 50\u20ac. Le paiement se fait \u00e0 chaque fin de s\u00e9ance, en esp\u00e8ces, ch\u00e8que ou virement bancaire.<\/p>\n\n\n\n<p>Les consultations ne sont pas prises en charge par la s\u00e9curit\u00e9 sociale. <br>Certaines mutuelles remboursent une partie des consultations, n&rsquo;h\u00e9sitez pas \u00e0 vous rapprocher de votre organisme de mutuelle pour savoir ce que votre contrat pr\u00e9voit.<\/p>\n","protected":false},"excerpt":{"rendered":"<p>Je re\u00e7ois enfants, adolescents et adultes \u00e0 mon cabinet situ\u00e9 au 12 quai Duguay-Trouin \u00e0 Rennes. Les consultations durent de 35 \u00e0 45 minutes. Elles se d\u00e9roulent au cabinet mais peuvent \u00e9galement se faire en visio, si n\u00e9cessaire. Pour les \u00e9tudiants \u00e9ligibles au dispositif \u00ab\u00a0sant\u00e9 psy \u00e9tudiant\u00a0\u00bb, veuillez consulter cette page : \u00c9tudiants (dispositif sant\u00e9 [&hellip;]<\/p>\n","protected":false},"author":1,"featured_media":0,"parent":0,"menu_order":0,"comment_status":"closed","ping_status":"closed","template":"","meta":{"footnotes":""},"class_list":["post-21","page","type-page","status-publish","hentry"],"_links":{"self":[{"href":"https:\/\/psychologue-rennes-sap.fr\/index.php?rest_route=\/wp\/v2\/pages\/21","targetHints":{"allow":["GET"]}}],"collection":[{"href":"https:\/\/psychologue-rennes-sap.fr\/index.php?rest_route=\/wp\/v2\/pages"}],"about":[{"href":"https:\/\/psychologue-rennes-sap.fr\/index.php?rest_route=\/wp\/v2\/types\/page"}],"author":[{"embeddable":true,"href":"https:\/\/psychologue-rennes-sap.fr\/index.php?rest_route=\/wp\/v2\/users\/1"}],"replies":[{"embeddable":true,"href":"https:\/\/psychologue-rennes-sap.fr\/index.php?rest_route=%2Fwp%2Fv2%2Fcomments&post=21"}],"version-history":[{"count":15,"href":"https:\/\/psychologue-rennes-sap.fr\/index.php?rest_route=\/wp\/v2\/pages\/21\/revisions"}],"predecessor-version":[{"id":85,"href":"https:\/\/psychologue-rennes-sap.fr\/index.php?rest_route=\/wp\/v2\/pages\/21\/revisions\/85"}],"wp:attachment":[{"href":"https:\/\/psychologue-rennes-sap.fr\/index.php?rest_route=%2Fwp%2Fv2%2Fmedia&parent=21"}],"curies":[{"name":"wp","href":"https:\/\/api.w.org\/{rel}","templated":true}]}}