{"id":34,"date":"2025-07-13T20:26:21","date_gmt":"2025-07-13T18:26:21","guid":{"rendered":"http:\/\/psychologue-rennes-sap.fr\/?page_id=34"},"modified":"2025-11-25T15:58:29","modified_gmt":"2025-11-25T13:58:29","slug":"enfants","status":"publish","type":"page","link":"https:\/\/psychologue-rennes-sap.fr\/?page_id=34","title":{"rendered":"Enfants"},"content":{"rendered":"\n<p>Je re\u00e7ois les enfants au cabinet avec l&rsquo;accord de l&rsquo;ensemble des repr\u00e9sentants l\u00e9gaux.<\/p>\n\n\n\n<p>Lors d&rsquo;une premi\u00e8re consultation pour enfant, celle-ci se fait en sa pr\u00e9sence et celle de ses parents. En cas de situation particuli\u00e8re, le cadre de cette consultation peut \u00eatre adapt\u00e9.<\/p>\n\n\n\n<p>Lors de ce rendez-vous, nous abordons ensemble les raisons qui vous am\u00e8nent \u00e0 consulter un psychologue. J&rsquo;effectue \u00e9galement avec vous une anamn\u00e8se, c&rsquo;est-\u00e0-dire que nous allons aborder ensemble l&rsquo;histoire de votre enfant depuis la grossesse, jusqu&rsquo;au jour de la consultation. <\/p>\n\n\n\n<p>Apr\u00e8s cette consultation, si cela me semble pertinent, je propose g\u00e9n\u00e9ralement trois rendez-vous seule avec votre enfant, afin d&rsquo;apprendre \u00e0 le conna\u00eetre et voir avec lui comment il peut se saisir de l&rsquo;espace propos\u00e9. L&rsquo;espace que je propose est avant tout un espace d&rsquo;\u00e9coute et de parole, mais j&rsquo;utilise des m\u00e9diateurs comme le dessin et le jeu, outils propices pour l&rsquo;enfant pour aborder ce qui peut lui poser difficult\u00e9.<\/p>\n\n\n\n<p>A l&rsquo;issue de ces consultations, nous faisons un point et nous convenons ensemble de la suite \u00e0 donner \u00e0 nos rencontres.<\/p>\n","protected":false},"excerpt":{"rendered":"<p>Je re\u00e7ois les enfants au cabinet avec l&rsquo;accord de l&rsquo;ensemble des repr\u00e9sentants l\u00e9gaux. Lors d&rsquo;une premi\u00e8re consultation pour enfant, celle-ci se fait en sa pr\u00e9sence et celle de ses parents. En cas de situation particuli\u00e8re, le cadre de cette consultation peut \u00eatre adapt\u00e9. Lors de ce rendez-vous, nous abordons ensemble les raisons qui vous am\u00e8nent [&hellip;]<\/p>\n","protected":false},"author":1,"featured_media":0,"parent":0,"menu_order":0,"comment_status":"closed","ping_status":"closed","template":"","meta":{"footnotes":""},"class_list":["post-34","page","type-page","status-publish","hentry"],"_links":{"self":[{"href":"https:\/\/psychologue-rennes-sap.fr\/index.php?rest_route=\/wp\/v2\/pages\/34","targetHints":{"allow":["GET"]}}],"collection":[{"href":"https:\/\/psychologue-rennes-sap.fr\/index.php?rest_route=\/wp\/v2\/pages"}],"about":[{"href":"https:\/\/psychologue-rennes-sap.fr\/index.php?rest_route=\/wp\/v2\/types\/page"}],"author":[{"embeddable":true,"href":"https:\/\/psychologue-rennes-sap.fr\/index.php?rest_route=\/wp\/v2\/users\/1"}],"replies":[{"embeddable":true,"href":"https:\/\/psychologue-rennes-sap.fr\/index.php?rest_route=%2Fwp%2Fv2%2Fcomments&post=34"}],"version-history":[{"count":4,"href":"https:\/\/psychologue-rennes-sap.fr\/index.php?rest_route=\/wp\/v2\/pages\/34\/revisions"}],"predecessor-version":[{"id":84,"href":"https:\/\/psychologue-rennes-sap.fr\/index.php?rest_route=\/wp\/v2\/pages\/34\/revisions\/84"}],"wp:attachment":[{"href":"https:\/\/psychologue-rennes-sap.fr\/index.php?rest_route=%2Fwp%2Fv2%2Fmedia&parent=34"}],"curies":[{"name":"wp","href":"https:\/\/api.w.org\/{rel}","templated":true}]}}