{"id":35,"date":"2025-07-13T20:51:09","date_gmt":"2025-07-13T18:51:09","guid":{"rendered":"http:\/\/psychologue-rennes-sap.fr\/?page_id=35"},"modified":"2025-11-25T15:59:28","modified_gmt":"2025-11-25T13:59:28","slug":"adolescents","status":"publish","type":"page","link":"https:\/\/psychologue-rennes-sap.fr\/?page_id=35","title":{"rendered":"Adolescents"},"content":{"rendered":"\n<p>Je re\u00e7ois les adolescents au cabinet avec l&rsquo;accord de l&rsquo;ensemble des repr\u00e9sentants l\u00e9gaux.<\/p>\n\n\n\n<p>Selon l&rsquo;\u00e2ge de l&rsquo;adolescent, je peux proposer de le recevoir d&#8217;embl\u00e9e seul, ou accompagn\u00e9 de ses parents s&rsquo;il le pr\u00e9f\u00e8re.<\/p>\n\n\n\n<p>Apr\u00e8s la premi\u00e8re consultation o\u00f9 nous abordons les raisons qui l&rsquo;am\u00e8nent \u00e0 consulter un psychologue, je propose g\u00e9n\u00e9ralement trois rendez-vous. Ce temps d\u00e9limit\u00e9 permet \u00e0 l&rsquo;adolescent d&rsquo;aborder ce qui peut lui poser difficult\u00e9 et voir si l&rsquo;espace que je propose lui convient ; il d\u00e9cide ensuite s&rsquo;il souhaite poursuivre les rencontres. <\/p>\n","protected":false},"excerpt":{"rendered":"<p>Je re\u00e7ois les adolescents au cabinet avec l&rsquo;accord de l&rsquo;ensemble des repr\u00e9sentants l\u00e9gaux. Selon l&rsquo;\u00e2ge de l&rsquo;adolescent, je peux proposer de le recevoir d&#8217;embl\u00e9e seul, ou accompagn\u00e9 de ses parents s&rsquo;il le pr\u00e9f\u00e8re. Apr\u00e8s la premi\u00e8re consultation o\u00f9 nous abordons les raisons qui l&rsquo;am\u00e8nent \u00e0 consulter un psychologue, je propose g\u00e9n\u00e9ralement trois rendez-vous. Ce temps [&hellip;]<\/p>\n","protected":false},"author":1,"featured_media":0,"parent":0,"menu_order":0,"comment_status":"closed","ping_status":"closed","template":"","meta":{"footnotes":""},"class_list":["post-35","page","type-page","status-publish","hentry"],"_links":{"self":[{"href":"https:\/\/psychologue-rennes-sap.fr\/index.php?rest_route=\/wp\/v2\/pages\/35","targetHints":{"allow":["GET"]}}],"collection":[{"href":"https:\/\/psychologue-rennes-sap.fr\/index.php?rest_route=\/wp\/v2\/pages"}],"about":[{"href":"https:\/\/psychologue-rennes-sap.fr\/index.php?rest_route=\/wp\/v2\/types\/page"}],"author":[{"embeddable":true,"href":"https:\/\/psychologue-rennes-sap.fr\/index.php?rest_route=\/wp\/v2\/users\/1"}],"replies":[{"embeddable":true,"href":"https:\/\/psychologue-rennes-sap.fr\/index.php?rest_route=%2Fwp%2Fv2%2Fcomments&post=35"}],"version-history":[{"count":4,"href":"https:\/\/psychologue-rennes-sap.fr\/index.php?rest_route=\/wp\/v2\/pages\/35\/revisions"}],"predecessor-version":[{"id":86,"href":"https:\/\/psychologue-rennes-sap.fr\/index.php?rest_route=\/wp\/v2\/pages\/35\/revisions\/86"}],"wp:attachment":[{"href":"https:\/\/psychologue-rennes-sap.fr\/index.php?rest_route=%2Fwp%2Fv2%2Fmedia&parent=35"}],"curies":[{"name":"wp","href":"https:\/\/api.w.org\/{rel}","templated":true}]}}