{"id":37,"date":"2025-07-13T20:04:30","date_gmt":"2025-07-13T18:04:30","guid":{"rendered":"http:\/\/psychologue-rennes-sap.fr\/?page_id=37"},"modified":"2025-11-25T16:08:52","modified_gmt":"2025-11-25T14:08:52","slug":"etudiants-dispositif-sante-psy","status":"publish","type":"page","link":"https:\/\/psychologue-rennes-sap.fr\/?page_id=37","title":{"rendered":"\u00c9tudiants (dispositif sant\u00e9 psy)"},"content":{"rendered":"\n<p>Je peux recevoir les \u00e9tudiants \u00e9ligibles au dispositif \u00ab\u00a0sant\u00e9 psy \u00e9tudiant\u00a0\u00bb.<\/p>\n\n\n\n<p>Vous pouvez v\u00e9rifier votre \u00e9ligibilit\u00e9 sur <a href=\"https:\/\/santepsy.etudiant.gouv.fr\/eligibilite\">https:\/\/santepsy.etudiant.gouv.fr\/eligibilite<\/a><\/p>\n\n\n\n<p>Dans la limite de douze s\u00e9ances par ann\u00e9e universitaire, le paiement de la consultation (50\u20ac) est enti\u00e8rement pris en charge par l&rsquo;universit\u00e9, vous n&rsquo;aurez donc pas \u00e0 avancer de frais.<\/p>\n\n\n\n<p>Pour plus d&rsquo;informations sur le dispositif, vous pouvez consulter le site officiel : <a href=\"https:\/\/santepsy.etudiant.gouv.fr\/\">https:\/\/santepsy.etudiant.gouv.fr\/<\/a><\/p>\n\n\n\n<p><\/p>\n","protected":false},"excerpt":{"rendered":"<p>Je peux recevoir les \u00e9tudiants \u00e9ligibles au dispositif \u00ab\u00a0sant\u00e9 psy \u00e9tudiant\u00a0\u00bb. Vous pouvez v\u00e9rifier votre \u00e9ligibilit\u00e9 sur https:\/\/santepsy.etudiant.gouv.fr\/eligibilite Dans la limite de douze s\u00e9ances par ann\u00e9e universitaire, le paiement de la consultation (50\u20ac) est enti\u00e8rement pris en charge par l&rsquo;universit\u00e9, vous n&rsquo;aurez donc pas \u00e0 avancer de frais. Pour plus d&rsquo;informations sur le dispositif, vous [&hellip;]<\/p>\n","protected":false},"author":1,"featured_media":0,"parent":0,"menu_order":0,"comment_status":"closed","ping_status":"closed","template":"","meta":{"footnotes":""},"class_list":["post-37","page","type-page","status-publish","hentry"],"_links":{"self":[{"href":"https:\/\/psychologue-rennes-sap.fr\/index.php?rest_route=\/wp\/v2\/pages\/37","targetHints":{"allow":["GET"]}}],"collection":[{"href":"https:\/\/psychologue-rennes-sap.fr\/index.php?rest_route=\/wp\/v2\/pages"}],"about":[{"href":"https:\/\/psychologue-rennes-sap.fr\/index.php?rest_route=\/wp\/v2\/types\/page"}],"author":[{"embeddable":true,"href":"https:\/\/psychologue-rennes-sap.fr\/index.php?rest_route=\/wp\/v2\/users\/1"}],"replies":[{"embeddable":true,"href":"https:\/\/psychologue-rennes-sap.fr\/index.php?rest_route=%2Fwp%2Fv2%2Fcomments&post=37"}],"version-history":[{"count":5,"href":"https:\/\/psychologue-rennes-sap.fr\/index.php?rest_route=\/wp\/v2\/pages\/37\/revisions"}],"predecessor-version":[{"id":90,"href":"https:\/\/psychologue-rennes-sap.fr\/index.php?rest_route=\/wp\/v2\/pages\/37\/revisions\/90"}],"wp:attachment":[{"href":"https:\/\/psychologue-rennes-sap.fr\/index.php?rest_route=%2Fwp%2Fv2%2Fmedia&parent=37"}],"curies":[{"name":"wp","href":"https:\/\/api.w.org\/{rel}","templated":true}]}}